{"id":16,"date":"2025-02-05T21:27:07","date_gmt":"2025-02-05T21:27:07","guid":{"rendered":"https:\/\/sarkasabova.cz\/ebook\/?page_id=16"},"modified":"2025-02-25T09:58:51","modified_gmt":"2025-02-25T09:58:51","slug":"hlavni-strana","status":"publish","type":"page","link":"https:\/\/sarkasabova.cz\/ebook\/","title":{"rendered":"Hlavn\u00ed strana"},"content":{"rendered":"<section class=\"bde-section-16-273 bde-section\">\n  \n\t\n\n\n\n<div class=\"section-container\"><div class=\"bde-columns-16-274 bde-columns\"><div class=\"bde-column-16-275 bde-column\">\n  \n\t\n\n\n\n<div class=\"bde-div-16-295 bde-div\">\n  \n\t\n\n\n\n<h1 class=\"bde-heading-16-254 bde-heading\">\nZaj\u00edm\u00e1 v\u00e1s sv\u011bt realit a v\u0161e okolo n\u011bj?\n<\/h1><div class=\"bde-text-16-255 bde-text\">\nPak je newsletter Z den\u00edku makl\u00e9\u0159ky pr\u00e1v\u011b pro v\u00e1s\n<\/div><div class=\"bde-fancy-divider-16-256 bde-fancy-divider\">\n\n\n<div class=\"bde-fancy-divider__wrapper\">\n  <div class=\"bde-fancy-divider__separator   \">\n  \t  <\/div>\n<\/div>\n\n<\/div><div class=\"bde-text-16-257 bde-text\">\nPravideln\u00e1 d\u00e1vka realitn\u00edch tip\u016f pro \u00fasp\u011b\u0161n\u00fd n\u00e1kup i prodej do va\u0161eho e-mailu, zku\u0161enosti a p\u0159\u00edb\u011bhy z m\u00e9 praxe, nejnov\u011bj\u0161\u00ed reality na trhu a mnohem v\u00edc.\n<\/div>\n<\/div>\n<\/div><div class=\"bde-column-16-276 bde-column\">\n  \n\t\n\n\n\n\n<\/div><\/div><\/div>\n<\/section><section class=\"bde-section-16-154 bde-section\">\n  \n\t\n\n\n\n<div class=\"section-container\"><div class=\"bde-columns-16-162 bde-columns\"><div class=\"bde-column-16-164 bde-column\">\n  \n\t\n\n\n\n<div class=\"bde-div-16-168 bde-div\">\n  \n\t\n\n\n\n<h1 class=\"bde-heading-16-159 bde-heading\">\nCo s newsletterem Z den\u00edku makl\u00e9\u0159ky z\u00edsk\u00e1te?\n<\/h1><img decoding=\"async\" class=\"bde-image2-16-172 bde-image2\" src=\"https:\/\/sarkasabova.cz\/ebook\/wp-content\/uploads\/2025\/02\/Snimek_obrazovky_2025-02-06_105725-removebg-preview.png\" loading=\"lazy\" srcset=\"https:\/\/sarkasabova.cz\/ebook\/wp-content\/uploads\/2025\/02\/Snimek_obrazovky_2025-02-06_105725-removebg-preview.png 328w, https:\/\/sarkasabova.cz\/ebook\/wp-content\/uploads\/2025\/02\/Snimek_obrazovky_2025-02-06_105725-removebg-preview-300x24.png 300w\" sizes=\"(max-width: 328px) 100vw, 328px\"><\/img><ul class=\"bde-basic-list-16-127 bde-basic-list\">\n  <li  >    \n          Tajn\u00e9 tipy pro \u00fasp\u011b\u0161n\u00fd n\u00e1kup, prodej i pron\u00e1jem nemovitost\u00ed,\n      <\/li>\n  <li  >    \n          praktick\u00e9 rady ohledn\u011b dan\u00ed a pr\u00e1vn\u00edch i technick\u00fdch z\u00e1le\u017eitost\u00ed,\n      <\/li>\n  <li  >    \n          sou\u010dasn\u00e9 trendy i novely z\u00e1kon\u016f, kter\u00e9 u\u0161et\u0159\u00ed v\u00e1\u0161 \u010das i pen\u00edze,\n      <\/li>\n  <li  >    \n          nejnov\u011bj\u0161\u00ed realitn\u00ed nab\u00eddky na trhu,\n      <\/li>\n  <li  >    \n          exkluzivn\u00ed nab\u00eddky pro odb\u011bratele newsletteru.<br>\n      <\/li>\n<\/ul>\n<\/div>\n<\/div><div class=\"bde-column-16-163 bde-column\">\n  \n\t\n\n\n\n<div class=\"bde-div-16-198 bde-div\">\n  \n\t\n\n\n\n<img decoding=\"async\" class=\"bde-image2-16-196 bde-image2\" src=\"https:\/\/sarkasabova.cz\/ebook\/wp-content\/uploads\/2025\/02\/001_7924.jpeg\" loading=\"lazy\" srcset=\"https:\/\/sarkasabova.cz\/ebook\/wp-content\/uploads\/2025\/02\/001_7924.jpeg 427w, https:\/\/sarkasabova.cz\/ebook\/wp-content\/uploads\/2025\/02\/001_7924-200x300.jpeg 200w\" sizes=\"(max-width: 427px) 100vw, 427px\"><\/img>\n<\/div>\n<\/div><\/div><\/div>\n<\/section><section class=\"bde-section-16-215 bde-section\">\n  \n\t\n\n\n\n<div class=\"section-container\"><div class=\"bde-columns-16-216 bde-columns\"><div class=\"bde-column-16-217 bde-column\">\n  \n\t\n\n\n\n<div class=\"bde-div-16-218 bde-div\">\n  \n\t\n\n\n\n<h1 class=\"bde-heading-16-219 bde-heading\">\nP\u0159ihlaste se k m\u00e9mu realitn\u00edmu newsletteru a jako pod\u011bkov\u00e1n\u00ed za v\u00e1\u0161 z\u00e1jem v\u00e1m po\u0161lu d\u00e1rek \u2013\u2060\u2060\u2060\u2060\u2060 e-book \u201e10 nej\u010dast\u011bj\u0161\u00edch chyb p\u0159i n\u00e1kupu nemovitosti\u201c.\n<\/h1><img decoding=\"async\" class=\"bde-image2-16-296 bde-image2\" src=\"https:\/\/sarkasabova.cz\/ebook\/wp-content\/uploads\/2025\/02\/cara_bila-removebg-preview.png\" loading=\"lazy\" srcset=\"https:\/\/sarkasabova.cz\/ebook\/wp-content\/uploads\/2025\/02\/cara_bila-removebg-preview.png 712w, https:\/\/sarkasabova.cz\/ebook\/wp-content\/uploads\/2025\/02\/cara_bila-removebg-preview-300x29.png 300w\" sizes=\"(max-width: 712px) 100vw, 712px\"><\/img><div class=\"bde-text-16-193 bde-text\">\nE-book, kter\u00fd v\u00e1m pom\u016f\u017ee ud\u011blat spr\u00e1vn\u00e1 rozhodnut\u00ed a u\u0161et\u0159it pen\u00edze d\u00edky tomu, \u017ee p\u0159i n\u00e1kupu nemovitosti p\u0159edejdete nej\u010dast\u011bj\u0161\u00edm chyb\u00e1m.\n<\/div>\n<\/div>\n<\/div><\/div><\/div>\n<\/section><section class=\"bde-section-16-278 bde-section\">\n  \n\t\n\n\n\n<div class=\"section-container\"><div class=\"bde-columns-16-279 bde-columns\"><div class=\"bde-column-16-280 bde-column\">\n  \n\t\n\n\n\n<div class=\"bde-div-16-281 bde-div\">\n  \n\t\n\n\n\n<img decoding=\"async\" class=\"bde-image2-16-251 bde-image2\" src=\"https:\/\/sarkasabova.cz\/ebook\/wp-content\/uploads\/2025\/02\/e-book_Sarka_cover-removebg-preview.png\" loading=\"lazy\" srcset=\"https:\/\/sarkasabova.cz\/ebook\/wp-content\/uploads\/2025\/02\/e-book_Sarka_cover-removebg-preview.png 420w, https:\/\/sarkasabova.cz\/ebook\/wp-content\/uploads\/2025\/02\/e-book_Sarka_cover-removebg-preview-212x300.png 212w\" sizes=\"(max-width: 420px) 100vw, 420px\"><\/img>\n<\/div>\n<\/div><div class=\"bde-column-16-285 bde-column\">\n  \n\t\n\n\n\n<div class=\"bde-div-16-286 bde-div\">\n  \n\t\n\n\n\n<h1 class=\"bde-heading-16-287 bde-heading\">\nSta\u010d\u00ed zadat v\u00e1\u0161 e-mail a e-book je v\u00e1\u0161.\n<\/h1><img decoding=\"async\" class=\"bde-image2-16-288 bde-image2\" src=\"https:\/\/sarkasabova.cz\/ebook\/wp-content\/uploads\/2025\/02\/Snimek_obrazovky_2025-02-06_105725-removebg-preview.png\" loading=\"lazy\" srcset=\"https:\/\/sarkasabova.cz\/ebook\/wp-content\/uploads\/2025\/02\/Snimek_obrazovky_2025-02-06_105725-removebg-preview.png 328w, https:\/\/sarkasabova.cz\/ebook\/wp-content\/uploads\/2025\/02\/Snimek_obrazovky_2025-02-06_105725-removebg-preview-300x24.png 300w\" sizes=\"(max-width: 328px) 100vw, 328px\"><\/img><div class=\"bde-code-block-16-298 bde-code-block\">\n\n  <script>\n        (function (w,d,s,o,f,js,fjs) {\n            w['ecm-widget']=o;w[o] = w[o] || function () { (w[o].q = w[o].q || []).push(arguments) };\n            js = d.createElement(s), fjs = d.getElementsByTagName(s)[0];\n            js.id = '1-43c2cd496486bcc27217c3e790fb4088'; js.dataset.a = 'zdenikumaklerky'; js.src = f; js.async = 1; fjs.parentNode.insertBefore(js, fjs);\n        }(window, document, 'script', 'ecmwidget', 'https:\/\/d70shl7vidtft.cloudfront.net\/widget.js'));\n    <\/script>\n            <div id=\"f-1-43c2cd496486bcc27217c3e790fb4088\"><\/div>\n\n\n<\/div><div class=\"bde-text-16-294 bde-text\">\nVa\u0161e data jsou u m\u011b v bezpe\u010d\u00ed. \u017d\u00e1dn\u00fd spam, jen hodnotn\u00e9 informace!\n<\/div>\n<\/div>\n<\/div><\/div><\/div>\n<\/section>","protected":false},"excerpt":{"rendered":"<p>Zaj\u00edm\u00e1 v\u00e1s sv\u011bt realit a v\u0161e okolo n\u011bj? Pak je newsletter Z den\u00edku makl\u00e9\u0159ky pr\u00e1v\u011b pro v\u00e1s Pravideln\u00e1 d\u00e1vka realitn\u00edch tip\u016f pro \u00fasp\u011b\u0161n\u00fd n\u00e1kup i prodej do va\u0161eho e-mailu, zku\u0161enosti a p\u0159\u00edb\u011bhy z m\u00e9 praxe, nejnov\u011bj\u0161\u00ed reality na trhu a mnohem v\u00edc. Co s newsletterem Z den\u00edku makl\u00e9\u0159ky z\u00edsk\u00e1te? Tajn\u00e9 tipy pro \u00fasp\u011b\u0161n\u00fd n\u00e1kup, prodej [&hellip;]<\/p>\n","protected":false},"author":1,"featured_media":0,"parent":0,"menu_order":0,"comment_status":"closed","ping_status":"closed","template":"","meta":{"_breakdance_hide_in_design_set":false,"_breakdance_tags":"","footnotes":""},"class_list":["post-16","page","type-page","status-publish","hentry"],"_links":{"self":[{"href":"https:\/\/sarkasabova.cz\/ebook\/wp-json\/wp\/v2\/pages\/16","targetHints":{"allow":["GET"]}}],"collection":[{"href":"https:\/\/sarkasabova.cz\/ebook\/wp-json\/wp\/v2\/pages"}],"about":[{"href":"https:\/\/sarkasabova.cz\/ebook\/wp-json\/wp\/v2\/types\/page"}],"author":[{"embeddable":true,"href":"https:\/\/sarkasabova.cz\/ebook\/wp-json\/wp\/v2\/users\/1"}],"replies":[{"embeddable":true,"href":"https:\/\/sarkasabova.cz\/ebook\/wp-json\/wp\/v2\/comments?post=16"}],"version-history":[{"count":127,"href":"https:\/\/sarkasabova.cz\/ebook\/wp-json\/wp\/v2\/pages\/16\/revisions"}],"predecessor-version":[{"id":184,"href":"https:\/\/sarkasabova.cz\/ebook\/wp-json\/wp\/v2\/pages\/16\/revisions\/184"}],"wp:attachment":[{"href":"https:\/\/sarkasabova.cz\/ebook\/wp-json\/wp\/v2\/media?parent=16"}],"curies":[{"name":"wp","href":"https:\/\/api.w.org\/{rel}","templated":true}]}}